{"id":37,"date":"2025-08-28T16:10:13","date_gmt":"2025-08-28T16:10:13","guid":{"rendered":"https:\/\/fotoclubchile.cl\/?page_id=37"},"modified":"2025-08-28T16:10:13","modified_gmt":"2025-08-28T16:10:13","slug":"historia","status":"publish","type":"page","link":"https:\/\/fotoclubchile.cl\/index.php\/historia\/","title":{"rendered":"Historia"},"content":{"rendered":"<div class=\"fusion-fullwidth fullwidth-box fusion-builder-row-1 fusion-flex-container has-pattern-background has-mask-background nonhundred-percent-fullwidth hundred-percent-height hundred-percent-height-center-content non-hundred-percent-height-scrolling\" style=\"--awb-border-radius-top-left:0px;--awb-border-radius-top-right:0px;--awb-border-radius-bottom-right:0px;--awb-border-radius-bottom-left:0px;--awb-flex-wrap:wrap;\" ><div class=\"fusion-builder-row fusion-row fusion-flex-align-items-flex-start fusion-flex-content-wrap\" style=\"max-width:1144px;margin-left: calc(-4% \/ 2 );margin-right: calc(-4% \/ 2 );\"><div class=\"fusion-layout-column fusion_builder_column fusion-builder-column-0 fusion_builder_column_1_1 1_1 fusion-flex-column fusion-flex-align-self-flex-start\" style=\"--awb-padding-bottom:139px;--awb-bg-size:cover;--awb-width-large:100%;--awb-margin-top-large:0px;--awb-spacing-right-large:0%;--awb-margin-bottom-large:151px;--awb-spacing-left-large:0%;--awb-width-medium:100%;--awb-order-medium:0;--awb-spacing-right-medium:0%;--awb-spacing-left-medium:0%;--awb-width-small:100%;--awb-order-small:0;--awb-spacing-right-small:1.92%;--awb-spacing-left-small:1.92%;\"><div class=\"fusion-column-wrapper fusion-column-has-shadow fusion-flex-justify-content-center fusion-content-layout-column\"><div class=\"fusion-text fusion-text-1\"><h4><span style=\"font-size: 20px;\" data-fusion-font=\"true\"><b><u>FOTOCLUB CHILE<\/u><\/b><\/span><\/h4>\n<h4><span style=\"letter-spacing: 0.24px; background-color: rgba(0, 0, 0, 0);\">Su origen se remonta al a\u00f1o 2020, cuando, en plena pandemia, un grupo de fot\u00f3grafos que <\/span><span style=\"letter-spacing: -0.36px; background-color: rgba(0, 0, 0, 0);\">se ve\u00eda impedido de reunirse presencialmente y, por ende, de desarrollar su pasi\u00f3n por la <\/span><span style=\"letter-spacing: -0.36px; background-color: rgba(0, 0, 0, 0);\">fotograf\u00eda, decidi\u00f3 conformar un grupo que funcionara de manera telem\u00e1tica. El objetivo <\/span><span style=\"letter-spacing: -0.36px; background-color: rgba(0, 0, 0, 0);\">inicial fue encontrarse para conversar e intercambiar conocimientos en torno a la fotograf\u00eda.<\/span><\/h4>\n<h4>Las gestoras de esta iniciativa fueron Loreto G\u00f3mez Dodman, quien construy\u00f3 la<br \/>\nplataforma que operar\u00eda mediante Zoom, y la fot\u00f3grafa Andel Paulmann, quien convoc\u00f3 a<br \/>\nun grupo de aficionados a la fotograf\u00eda que se entusiasm\u00f3 con la idea.<br \/>\nDado el \u00e9xito de estas reuniones, y con el prop\u00f3sito de participar en cert\u00e1menes<br \/>\nfotogr\u00e1ficos reconocidos por la FIAP (Federaci\u00f3n Internacional de Arte Fotogr\u00e1fico), tanto<br \/>\na nivel nacional como internacional, se decidi\u00f3 afiliarse a la Federaci\u00f3n Chilena de<br \/>\nFotograf\u00eda. Esta, entre sus requisitos, solicitaba que la organizaci\u00f3n estuviese constituida<br \/>\nlegalmente, raz\u00f3n por la cual se dio paso a la formaci\u00f3n de una Corporaci\u00f3n de derecho<br \/>\nprivado sin fines de lucro, cuyo fin es el fomento, promoci\u00f3n, pr\u00e1ctica, desarrollo y<br \/>\nprogreso del arte fotogr\u00e1fico.<\/h4>\n<\/div><\/div><\/div><\/div><\/div>\n","protected":false},"excerpt":{"rendered":"","protected":false},"author":1,"featured_media":0,"parent":0,"menu_order":0,"comment_status":"closed","ping_status":"closed","template":"100-width.php","meta":{"footnotes":""},"class_list":["post-37","page","type-page","status-publish","hentry"],"_links":{"self":[{"href":"https:\/\/fotoclubchile.cl\/index.php\/wp-json\/wp\/v2\/pages\/37","targetHints":{"allow":["GET"]}}],"collection":[{"href":"https:\/\/fotoclubchile.cl\/index.php\/wp-json\/wp\/v2\/pages"}],"about":[{"href":"https:\/\/fotoclubchile.cl\/index.php\/wp-json\/wp\/v2\/types\/page"}],"author":[{"embeddable":true,"href":"https:\/\/fotoclubchile.cl\/index.php\/wp-json\/wp\/v2\/users\/1"}],"replies":[{"embeddable":true,"href":"https:\/\/fotoclubchile.cl\/index.php\/wp-json\/wp\/v2\/comments?post=37"}],"version-history":[{"count":4,"href":"https:\/\/fotoclubchile.cl\/index.php\/wp-json\/wp\/v2\/pages\/37\/revisions"}],"predecessor-version":[{"id":41,"href":"https:\/\/fotoclubchile.cl\/index.php\/wp-json\/wp\/v2\/pages\/37\/revisions\/41"}],"wp:attachment":[{"href":"https:\/\/fotoclubchile.cl\/index.php\/wp-json\/wp\/v2\/media?parent=37"}],"curies":[{"name":"wp","href":"https:\/\/api.w.org\/{rel}","templated":true}]}}